{"id":1448,"date":"2024-06-18T12:46:18","date_gmt":"2024-06-18T17:46:18","guid":{"rendered":"https:\/\/www.xenotepro.com\/home\/"},"modified":"2025-08-31T10:30:41","modified_gmt":"2025-08-31T15:30:41","slug":"home","status":"publish","type":"page","link":"https:\/\/www.xenotepro.com\/es_mx\/","title":{"rendered":"INICIO"},"content":{"rendered":"\t\t<div data-elementor-type=\"wp-page\" data-elementor-id=\"1448\" class=\"elementor elementor-1448\">\n\t\t\t\t<div class=\"elementor-element elementor-element-9783628 e-flex e-con-boxed e-con e-parent\" data-id=\"9783628\" data-element_type=\"container\" data-e-type=\"container\" data-settings=\"{&quot;background_background&quot;:&quot;classic&quot;}\">\n\t\t\t\t\t<div class=\"e-con-inner\">\n\t\t<div class=\"elementor-element elementor-element-05ba369 e-con-full e-flex e-con e-child\" data-id=\"05ba369\" data-element_type=\"container\" data-e-type=\"container\">\n\t\t\t\t<div class=\"elementor-element elementor-element-5117318 elementor-widget elementor-widget-spacer\" data-id=\"5117318\" data-element_type=\"widget\" data-e-type=\"widget\" data-widget_type=\"spacer.default\">\n\t\t\t\t<div class=\"elementor-widget-container\">\n\t\t\t\t\t\t\t<div class=\"elementor-spacer\">\n\t\t\t<div class=\"elementor-spacer-inner\"><\/div>\n\t\t<\/div>\n\t\t\t\t\t\t<\/div>\n\t\t\t\t<\/div>\n\t\t\t\t<div class=\"elementor-element elementor-element-936a3d8 elementor-widget elementor-widget-heading\" data-id=\"936a3d8\" data-element_type=\"widget\" data-e-type=\"widget\" data-widget_type=\"heading.default\">\n\t\t\t\t<div class=\"elementor-widget-container\">\n\t\t\t\t\t<h1 class=\"elementor-heading-title elementor-size-default\">Xenotepro<\/h1>\t\t\t\t<\/div>\n\t\t\t\t<\/div>\n\t\t\t\t<div class=\"elementor-element elementor-element-c861921 elementor-widget elementor-widget-heading\" data-id=\"c861921\" data-element_type=\"widget\" data-e-type=\"widget\" data-widget_type=\"heading.default\">\n\t\t\t\t<div class=\"elementor-widget-container\">\n\t\t\t\t\t<h2 class=\"elementor-heading-title elementor-size-default\">buceo en cueva y caverna <\/h2>\t\t\t\t<\/div>\n\t\t\t\t<\/div>\n\t\t\t\t<\/div>\n\t\t\t\t\t<\/div>\n\t\t\t\t<\/div>\n\t\t<div class=\"elementor-element elementor-element-dc4d543 e-flex e-con-boxed e-con e-parent\" data-id=\"dc4d543\" data-element_type=\"container\" data-e-type=\"container\">\n\t\t\t\t\t<div class=\"e-con-inner\">\n\t\t<div class=\"elementor-element elementor-element-37f0b92 e-con-full e-flex e-con e-child\" data-id=\"37f0b92\" data-element_type=\"container\" data-e-type=\"container\">\n\t\t\t\t<div class=\"elementor-element elementor-element-d8fd14a elementor-widget elementor-widget-heading\" data-id=\"d8fd14a\" data-element_type=\"widget\" data-e-type=\"widget\" data-widget_type=\"heading.default\">\n\t\t\t\t<div class=\"elementor-widget-container\">\n\t\t\t\t\t<h4 class=\"elementor-heading-title elementor-size-default\"><a href=\"https:\/\/www.xenotepro.com\/buceo-guiado\/\">Buceo Guiado <br><\/a><\/h4>\t\t\t\t<\/div>\n\t\t\t\t<\/div>\n\t\t\t\t<div class=\"elementor-element elementor-element-b82a2ca elementor-widget__width-initial elementor-widget elementor-widget-image\" data-id=\"b82a2ca\" data-element_type=\"widget\" data-e-type=\"widget\" data-widget_type=\"image.default\">\n\t\t\t\t<div class=\"elementor-widget-container\">\n\t\t\t\t\t\t\t\t\t\t\t\t\t\t\t<img fetchpriority=\"high\" decoding=\"async\" width=\"1024\" height=\"576\" src=\"https:\/\/www.xenotepro.com\/wp-content\/uploads\/2024\/06\/B37759B3-193D-4A98-B1D6-1AA5C0D704B0-1-1024x576.jpeg\" class=\"attachment-large size-large wp-image-1924\" alt=\"\" srcset=\"https:\/\/www.xenotepro.com\/wp-content\/uploads\/2024\/06\/B37759B3-193D-4A98-B1D6-1AA5C0D704B0-1-1024x576.jpeg 1024w, https:\/\/www.xenotepro.com\/wp-content\/uploads\/2024\/06\/B37759B3-193D-4A98-B1D6-1AA5C0D704B0-1-300x169.jpeg 300w, https:\/\/www.xenotepro.com\/wp-content\/uploads\/2024\/06\/B37759B3-193D-4A98-B1D6-1AA5C0D704B0-1-768x432.jpeg 768w, https:\/\/www.xenotepro.com\/wp-content\/uploads\/2024\/06\/B37759B3-193D-4A98-B1D6-1AA5C0D704B0-1-1536x864.jpeg 1536w, https:\/\/www.xenotepro.com\/wp-content\/uploads\/2024\/06\/B37759B3-193D-4A98-B1D6-1AA5C0D704B0-1-2048x1152.jpeg 2048w\" sizes=\"(max-width: 1024px) 100vw, 1024px\" \/>\t\t\t\t\t\t\t\t\t\t\t\t\t\t\t<\/div>\n\t\t\t\t<\/div>\n\t\t\t\t<div class=\"elementor-element elementor-element-1c5f194 elementor-widget elementor-widget-text-editor\" data-id=\"1c5f194\" data-element_type=\"widget\" data-e-type=\"widget\" data-widget_type=\"text-editor.default\">\n\t\t\t\t<div class=\"elementor-widget-container\">\n\t\t\t\t\t\t\t\t\t<p>Explora las maravillas subacu\u00e1ticas de M\u00e9xico con nuestros servicios profesionales de gu\u00edas de buceo. Ofrecemos experiencias personalizadas y seguras en las aguas claras de Playa del Carmen y la Riviera Maya, adaptadas para buceadores de todos los niveles. Ya sea en cavernas, cuevas, buceo t\u00e9cnico (Tec), buceo con circuito cerrado (CCR), o cursos de Sidemount, nuestros gu\u00edas expertos est\u00e1n aqu\u00ed para llevarte a una aventura inolvidable.<\/p><h4>Gu\u00eda de Buceo en Cavernas y Cuevas<\/h4><p>Descubre las impresionantes cavernas y cuevas de Playa del Carmen y la Riviera Maya con nuestros gu\u00edas experimentados. Desde principiantes hasta avanzados, te ofrecemos recorridos 100% privados para asegurar una experiencia segura y personalizada.<\/p><p><strong>Caracter\u00edsticas:<\/strong><\/p><ul><li><strong>Ubicaci\u00f3n:<\/strong> Playa del Carmen y Riviera Maya, M\u00e9xico<\/li><li><strong>Nivel de experiencia:<\/strong> Desde principiantes hasta avanzados (se requiere certificaci\u00f3n de cueva para niveles avanzados)<\/li><li><strong>Beneficios:<\/strong> Experiencia privada, gu\u00eda especializado, exploraci\u00f3n segura de cavernas y cuevas.<\/li><\/ul><h4>\u00a0<\/h4>\t\t\t\t\t\t\t\t<\/div>\n\t\t\t\t<\/div>\n\t\t\t\t<div class=\"elementor-element elementor-element-315609f elementor-widget elementor-widget-heading\" data-id=\"315609f\" data-element_type=\"widget\" data-e-type=\"widget\" data-widget_type=\"heading.default\">\n\t\t\t\t<div class=\"elementor-widget-container\">\n\t\t\t\t\t<h2 class=\"elementor-heading-title elementor-size-default\"><a href=\"https:\/\/www.xenotepro.com\/buceo-guiado\/\">M\u00e1s Info.<\/a><\/h2>\t\t\t\t<\/div>\n\t\t\t\t<\/div>\n\t\t\t\t<\/div>\n\t\t<div class=\"elementor-element elementor-element-781bb8f e-con-full e-flex e-con e-child\" data-id=\"781bb8f\" data-element_type=\"container\" data-e-type=\"container\">\n\t\t\t\t<div class=\"elementor-element elementor-element-d2fecca elementor-widget elementor-widget-heading\" data-id=\"d2fecca\" data-element_type=\"widget\" data-e-type=\"widget\" data-widget_type=\"heading.default\">\n\t\t\t\t<div class=\"elementor-widget-container\">\n\t\t\t\t\t<h4 class=\"elementor-heading-title elementor-size-default\"><a href=\"https:\/\/www.xenotepro.com\/cursos\/\">Cursos<\/a><\/h4>\t\t\t\t<\/div>\n\t\t\t\t<\/div>\n\t\t\t\t<div class=\"elementor-element elementor-element-f9ec8cb elementor-widget elementor-widget-image\" data-id=\"f9ec8cb\" data-element_type=\"widget\" data-e-type=\"widget\" data-widget_type=\"image.default\">\n\t\t\t\t<div class=\"elementor-widget-container\">\n\t\t\t\t\t\t\t\t\t\t\t\t\t\t\t\t<a href=\"https:\/\/www.xenotepro.com\/cursos\/\">\n\t\t\t\t\t\t\t<img decoding=\"async\" width=\"809\" height=\"540\" src=\"https:\/\/www.xenotepro.com\/wp-content\/uploads\/2024\/06\/23F49D8D-F6B1-45C3-B2F9-68F8B5F9541B.jpg\" class=\"attachment-full size-full wp-image-1917\" alt=\"\" srcset=\"https:\/\/www.xenotepro.com\/wp-content\/uploads\/2024\/06\/23F49D8D-F6B1-45C3-B2F9-68F8B5F9541B.jpg 809w, https:\/\/www.xenotepro.com\/wp-content\/uploads\/2024\/06\/23F49D8D-F6B1-45C3-B2F9-68F8B5F9541B-300x200.jpg 300w, https:\/\/www.xenotepro.com\/wp-content\/uploads\/2024\/06\/23F49D8D-F6B1-45C3-B2F9-68F8B5F9541B-768x513.jpg 768w\" sizes=\"(max-width: 809px) 100vw, 809px\" \/>\t\t\t\t\t\t\t\t<\/a>\n\t\t\t\t\t\t\t\t\t\t\t\t\t\t\t<\/div>\n\t\t\t\t<\/div>\n\t\t\t\t<div class=\"elementor-element elementor-element-b89b372 elementor-widget elementor-widget-text-editor\" data-id=\"b89b372\" data-element_type=\"widget\" data-e-type=\"widget\" data-widget_type=\"text-editor.default\">\n\t\t\t\t<div class=\"elementor-widget-container\">\n\t\t\t\t\t\t\t\t\t<p>Descubre la magia de las aguas claras de Playa del Carmen y la Riviera Maya, M\u00e9xico, con nuestros cursos de buceo dise\u00f1ados para todos los niveles. Ofrecemos formaci\u00f3n especializada en buceo en cavernas y cuevas, buceo t\u00e9cnico (Tec), buceo con circuito cerrado (CCR), y Sidemount.<\/p><p>Con nuestros instructores altamente capacitados, podr\u00e1s explorar las fascinantes cavernas y cuevas, aprender t\u00e9cnicas avanzadas de buceo t\u00e9cnico, maximizar la duraci\u00f3n de tus inmersiones con CCR, y mejorar tu flexibilidad y t\u00e9cnica con el curso de Sidemount.<\/p><p><strong>Caracter\u00edsticas de los Cursos:<\/strong><\/p><ul><li><strong>Ubicaci\u00f3n:<\/strong> Playa del Carmen y Riviera Maya, M\u00e9xico<\/li><li><strong>Niveles de Experiencia:<\/strong> Desde principiantes hasta avanzados<\/li><li><strong>Contenido:<\/strong> T\u00e9cnicas de navegaci\u00f3n, seguridad, manejo de equipos t\u00e9cnicos, y procedimientos avanzados<\/li><li><strong>Duraci\u00f3n:<\/strong> Variable seg\u00fan el curso y nivel<\/li><\/ul><p>Nuestros cursos est\u00e1n dise\u00f1ados para ofrecerte una experiencia educativa, segura y emocionante en las maravillas subacu\u00e1ticas de M\u00e9xico. Cont\u00e1ctanos hoy para inscribirte y comienza tu aventura subacu\u00e1tica con nuestros expertos gu\u00edas. \u00a1Explora, aprende y avent\u00farate!<\/p>\t\t\t\t\t\t\t\t<\/div>\n\t\t\t\t<\/div>\n\t\t\t\t<div class=\"elementor-element elementor-element-c18f073 elementor-widget elementor-widget-heading\" data-id=\"c18f073\" data-element_type=\"widget\" data-e-type=\"widget\" data-widget_type=\"heading.default\">\n\t\t\t\t<div class=\"elementor-widget-container\">\n\t\t\t\t\t<h2 class=\"elementor-heading-title elementor-size-default\"><a href=\"https:\/\/www.xenotepro.com\/cursos\/\">M\u00e1s Info.<\/a><\/h2>\t\t\t\t<\/div>\n\t\t\t\t<\/div>\n\t\t\t\t<\/div>\n\t\t<div class=\"elementor-element elementor-element-a4a7832 e-con-full e-flex e-con e-child\" data-id=\"a4a7832\" data-element_type=\"container\" data-e-type=\"container\">\n\t\t\t\t<div class=\"elementor-element elementor-element-956f5b9 elementor-widget elementor-widget-heading\" data-id=\"956f5b9\" data-element_type=\"widget\" data-e-type=\"widget\" data-widget_type=\"heading.default\">\n\t\t\t\t<div class=\"elementor-widget-container\">\n\t\t\t\t\t<h4 class=\"elementor-heading-title elementor-size-default\"><a href=\"https:\/\/www.xenotepro.com\/servicios\/\">Servicios Extras <\/a><\/h4>\t\t\t\t<\/div>\n\t\t\t\t<\/div>\n\t\t\t\t<div class=\"elementor-element elementor-element-d8bef71 elementor-widget__width-initial elementor-widget elementor-widget-image\" data-id=\"d8bef71\" data-element_type=\"widget\" data-e-type=\"widget\" data-widget_type=\"image.default\">\n\t\t\t\t<div class=\"elementor-widget-container\">\n\t\t\t\t\t\t\t\t\t\t\t\t\t\t\t\t<a href=\"https:\/\/www.xenotepro.com\/servicios\/\">\n\t\t\t\t\t\t\t<img decoding=\"async\" width=\"690\" height=\"466\" src=\"https:\/\/www.xenotepro.com\/wp-content\/uploads\/2024\/06\/GOPR1237-scaled-e1718823084841.jpg\" class=\"attachment-full size-full wp-image-1848\" alt=\"\" srcset=\"https:\/\/www.xenotepro.com\/wp-content\/uploads\/2024\/06\/GOPR1237-scaled-e1718823084841.jpg 690w, https:\/\/www.xenotepro.com\/wp-content\/uploads\/2024\/06\/GOPR1237-scaled-e1718823084841-300x203.jpg 300w\" sizes=\"(max-width: 690px) 100vw, 690px\" \/>\t\t\t\t\t\t\t\t<\/a>\n\t\t\t\t\t\t\t\t\t\t\t\t\t\t\t<\/div>\n\t\t\t\t<\/div>\n\t\t\t\t<div class=\"elementor-element elementor-element-386aa14 elementor-widget elementor-widget-text-editor\" data-id=\"386aa14\" data-element_type=\"widget\" data-e-type=\"widget\" data-widget_type=\"text-editor.default\">\n\t\t\t\t<div class=\"elementor-widget-container\">\n\t\t\t\t\t\t\t\t\t<div class=\"flex flex-grow flex-col max-w-full\"><div class=\"min-h-[20px] text-message flex flex-col items-start whitespace-pre-wrap break-words [.text-message+&amp;]:mt-5 juice:w-full juice:items-end overflow-x-auto gap-2\" dir=\"auto\" data-message-author-role=\"assistant\" data-message-id=\"2385429e-5946-477b-8fc9-37840dd29bac\"><div class=\"flex w-full flex-col gap-1 juice:empty:hidden juice:first:pt-[3px]\"><div class=\"markdown prose w-full break-words dark:prose-invert dark\"><p>Si tienes alguna solicitud especial o necesitas un servicio que no est\u00e9 publicado en nuestra web, no dudes en preguntar. Estamos aqu\u00ed para hacer de tu experiencia de buceo algo inolvidable.<\/p><p>\u00a0<\/p><p>\u00a1Explora, aprende y avent\u00farate con nuestros expertos gu\u00edas en las maravillas subacu\u00e1ticas de M\u00e9xico!\u00a0<\/p><p>\u00a0<\/p><p><strong>Servicios Adicionales:<\/strong><\/p><p>\u00a0<\/p><ul><li><strong>Fotograf\u00eda Subacu\u00e1tica:<\/strong> Captura tus mejores momentos bajo el agua con nuestro servicio profesional de fotograf\u00eda.<\/li><li><strong>Scooters Subacu\u00e1ticos (DPV):<\/strong> A\u00f1ade emoci\u00f3n a tus inmersiones con nuestros scooters subacu\u00e1ticos.<\/li><li><strong>Equipos de Buceo:<\/strong> Disponemos de equipos de alta calidad para garantizar tu comodidad y seguridad durante tus inmersiones.<\/li><\/ul><\/div><\/div><\/div><\/div><div class=\"mt-1 flex gap-3 empty:hidden juice:-ml-3\">\u00a0<\/div>\t\t\t\t\t\t\t\t<\/div>\n\t\t\t\t<\/div>\n\t\t\t\t<\/div>\n\t\t\t\t\t<\/div>\n\t\t\t\t<\/div>\n\t\t<div class=\"elementor-element elementor-element-79c45e3 e-flex e-con-boxed e-con e-parent\" data-id=\"79c45e3\" data-element_type=\"container\" data-e-type=\"container\" data-settings=\"{&quot;background_background&quot;:&quot;slideshow&quot;,&quot;background_slideshow_gallery&quot;:[],&quot;background_slideshow_loop&quot;:&quot;yes&quot;,&quot;background_slideshow_slide_duration&quot;:5000,&quot;background_slideshow_slide_transition&quot;:&quot;fade&quot;,&quot;background_slideshow_transition_duration&quot;:500}\">\n\t\t\t\t\t<div class=\"e-con-inner\">\n\t\t<div class=\"elementor-element elementor-element-e5856a5 e-con-full e-flex e-con e-child\" data-id=\"e5856a5\" data-element_type=\"container\" data-e-type=\"container\" data-settings=\"{&quot;background_background&quot;:&quot;slideshow&quot;,&quot;background_slideshow_gallery&quot;:[],&quot;background_slideshow_loop&quot;:&quot;yes&quot;,&quot;background_slideshow_slide_duration&quot;:5000,&quot;background_slideshow_slide_transition&quot;:&quot;fade&quot;,&quot;background_slideshow_transition_duration&quot;:500}\">\n\t\t\t\t<div class=\"elementor-element elementor-element-730927d elementor-widget elementor-widget-heading\" data-id=\"730927d\" data-element_type=\"widget\" data-e-type=\"widget\" data-widget_type=\"heading.default\">\n\t\t\t\t<div class=\"elementor-widget-container\">\n\t\t\t\t\t<h2 class=\"elementor-heading-title elementor-size-default\"><a href=\"https:\/\/www.xenotepro.com\/quienes-somos\/\">Qui\u00e9nes somos<\/a><\/h2>\t\t\t\t<\/div>\n\t\t\t\t<\/div>\n\t\t\t\t<div class=\"elementor-element elementor-element-76c64fc elementor-widget elementor-widget-text-editor\" data-id=\"76c64fc\" data-element_type=\"widget\" data-e-type=\"widget\" data-widget_type=\"text-editor.default\">\n\t\t\t\t<div class=\"elementor-widget-container\">\n\t\t\t\t\t\t\t\t\t<p>Somos una empresa de buceo t\u00e9cnico en cuevas con m\u00e1s de 20 a\u00f1os de experiencia. Nos comprometemos a mantener los m\u00e1s altos niveles de seguridad y entrenamiento en cada inmersi\u00f3n. Utilizamos las certificaciones y est\u00e1ndares de IANTD (International Association of Nitrox and Technical Divers) para garantizar una experiencia segura y profesional para nuestros clientes.<\/p>\t\t\t\t\t\t\t\t<\/div>\n\t\t\t\t<\/div>\n\t\t\t\t<\/div>\n\t\t<div class=\"elementor-element elementor-element-52da0ea e-con-full e-flex e-con e-child\" data-id=\"52da0ea\" data-element_type=\"container\" data-e-type=\"container\">\n\t\t\t\t<div class=\"elementor-element elementor-element-715caf2 elementor-widget elementor-widget-video\" data-id=\"715caf2\" data-element_type=\"widget\" data-e-type=\"widget\" data-settings=\"{&quot;youtube_url&quot;:&quot;https:\\\/\\\/www.youtube.com\\\/watch?v=AyxPt8zh0ok&quot;,&quot;lazy_load&quot;:&quot;yes&quot;,&quot;show_image_overlay&quot;:&quot;yes&quot;,&quot;image_overlay&quot;:{&quot;url&quot;:&quot;https:\\\/\\\/www.xenotepro.com\\\/wp-content\\\/uploads\\\/2024\\\/06\\\/TRT02951-1-scaled-e1718804012544.jpg&quot;,&quot;id&quot;:1864,&quot;size&quot;:&quot;&quot;,&quot;alt&quot;:&quot;&quot;,&quot;source&quot;:&quot;library&quot;},&quot;lightbox&quot;:&quot;yes&quot;,&quot;video_type&quot;:&quot;youtube&quot;,&quot;controls&quot;:&quot;yes&quot;}\" data-widget_type=\"video.default\">\n\t\t\t\t<div class=\"elementor-widget-container\">\n\t\t\t\t\t\t\t<div class=\"elementor-wrapper elementor-open-lightbox\">\n\t\t\t\t\t\t\t<div class=\"elementor-custom-embed-image-overlay\" data-elementor-open-lightbox=\"yes\" data-elementor-lightbox=\"{&quot;type&quot;:&quot;video&quot;,&quot;videoType&quot;:&quot;youtube&quot;,&quot;url&quot;:&quot;https:\\\/\\\/www.youtube.com\\\/embed\\\/AyxPt8zh0ok?feature=oembed&amp;start&amp;end&amp;wmode=opaque&amp;loop=0&amp;controls=1&amp;mute=0&amp;rel=0&amp;cc_load_policy=0&quot;,&quot;autoplay&quot;:&quot;&quot;,&quot;modalOptions&quot;:{&quot;id&quot;:&quot;elementor-lightbox-715caf2&quot;,&quot;entranceAnimation&quot;:&quot;&quot;,&quot;entranceAnimation_tablet&quot;:&quot;&quot;,&quot;entranceAnimation_mobile&quot;:&quot;&quot;,&quot;videoAspectRatio&quot;:&quot;169&quot;}}\" data-e-action-hash=\"#elementor-action%3Aaction%3Dlightbox%26settings%3DeyJ0eXBlIjoidmlkZW8iLCJ2aWRlb1R5cGUiOiJ5b3V0dWJlIiwidXJsIjoiaHR0cHM6XC9cL3d3dy55b3V0dWJlLmNvbVwvZW1iZWRcL0F5eFB0OHpoMG9rP2ZlYXR1cmU9b2VtYmVkJnN0YXJ0JmVuZCZ3bW9kZT1vcGFxdWUmbG9vcD0wJmNvbnRyb2xzPTEmbXV0ZT0wJnJlbD0wJmNjX2xvYWRfcG9saWN5PTAiLCJhdXRvcGxheSI6IiIsIm1vZGFsT3B0aW9ucyI6eyJpZCI6ImVsZW1lbnRvci1saWdodGJveC03MTVjYWYyIiwiZW50cmFuY2VBbmltYXRpb24iOiIiLCJlbnRyYW5jZUFuaW1hdGlvbl90YWJsZXQiOiIiLCJlbnRyYW5jZUFuaW1hdGlvbl9tb2JpbGUiOiIiLCJ2aWRlb0FzcGVjdFJhdGlvIjoiMTY5In19\">\n\t\t\t\t\t\t\t\t\t\t\t<img loading=\"lazy\" decoding=\"async\" width=\"800\" height=\"450\" src=\"https:\/\/www.xenotepro.com\/wp-content\/uploads\/2024\/06\/TRT02951-1-scaled-e1718804012544.jpg\" class=\"attachment-full size-full wp-image-1864\" alt=\"\" \/>\t\t\t\t\t\t\t\t\t\t\t\t\t\t\t\t<div class=\"elementor-custom-embed-play\" role=\"button\" aria-label=\"Reproducir video\" tabindex=\"0\">\n\t\t\t\t\t\t\t<svg aria-hidden=\"true\" class=\"e-font-icon-svg e-eicon-play\" viewBox=\"0 0 1000 1000\" xmlns=\"http:\/\/www.w3.org\/2000\/svg\"><path d=\"M838 162C746 71 633 25 500 25 371 25 258 71 163 162 71 254 25 367 25 500 25 633 71 746 163 837 254 929 367 979 500 979 633 979 746 933 838 837 929 746 975 633 975 500 975 367 929 254 838 162M808 192C892 279 933 379 933 500 933 621 892 725 808 808 725 892 621 938 500 938 379 938 279 896 196 808 113 725 67 621 67 500 67 379 108 279 196 192 279 108 383 62 500 62 621 62 721 108 808 192M438 392V642L642 517 438 392Z\"><\/path><\/svg>\t\t\t\t\t\t<\/div>\n\t\t\t\t\t\t\t\t\t<\/div>\n\t\t\t\t\t<\/div>\n\t\t\t\t\t\t<\/div>\n\t\t\t\t<\/div>\n\t\t\t\t<\/div>\n\t\t\t\t\t<\/div>\n\t\t\t\t<\/div>\n\t\t<div class=\"elementor-element elementor-element-7a7b871 e-flex e-con-boxed e-con e-parent\" data-id=\"7a7b871\" data-element_type=\"container\" data-e-type=\"container\" data-settings=\"{&quot;background_background&quot;:&quot;classic&quot;}\">\n\t\t\t\t\t<div class=\"e-con-inner\">\n\t\t<div class=\"elementor-element elementor-element-e29a3fa e-con-full e-flex e-con e-child\" data-id=\"e29a3fa\" data-element_type=\"container\" data-e-type=\"container\">\n\t\t\t\t<div class=\"elementor-element elementor-element-ba46944 elementor-widget elementor-widget-heading\" data-id=\"ba46944\" data-element_type=\"widget\" data-e-type=\"widget\" data-widget_type=\"heading.default\">\n\t\t\t\t<div class=\"elementor-widget-container\">\n\t\t\t\t\t<h2 class=\"elementor-heading-title elementor-size-default\">hablemos<\/h2>\t\t\t\t<\/div>\n\t\t\t\t<\/div>\n\t\t\t\t<div class=\"elementor-element elementor-element-8e24a9a elementor-widget elementor-widget-text-editor\" data-id=\"8e24a9a\" data-element_type=\"widget\" data-e-type=\"widget\" data-widget_type=\"text-editor.default\">\n\t\t\t\t<div class=\"elementor-widget-container\">\n\t\t\t\t\t\t\t\t\t<p>Siempre estamos abiertos a hablar sobre su experiencia de buceo, nuevos proyectos, oportunidades creativas y c\u00f3mo podemos ayudarlo. No dude en contactarnos para m\u00e1s informaci\u00f3n, consultas o para planificar su pr\u00f3xima aventura de buceo t\u00e9cnico en cuevas. Estamos aqu\u00ed para ayudarle a explorar el mundo submarino de manera segura y emocionante.<\/p>\t\t\t\t\t\t\t\t<\/div>\n\t\t\t\t<\/div>\n\t\t\t\t<div class=\"elementor-element elementor-element-a3b62b3 elementor-widget elementor-widget-heading\" data-id=\"a3b62b3\" data-element_type=\"widget\" data-e-type=\"widget\" data-widget_type=\"heading.default\">\n\t\t\t\t<div class=\"elementor-widget-container\">\n\t\t\t\t\t<h2 class=\"elementor-heading-title elementor-size-default\"><a href=\"https:\/\/www.xenotepro.com\/contacto\/\">Vamos<\/a><\/h2>\t\t\t\t<\/div>\n\t\t\t\t<\/div>\n\t\t\t\t<\/div>\n\t\t\t\t\t<\/div>\n\t\t\t\t<\/div>\n\t\t\t\t<\/div>\n\t\t","protected":false},"excerpt":{"rendered":"<p>Xenotepro buceo en cueva y caverna Buceo Guiado Explora las maravillas subacu\u00e1ticas de M\u00e9xico con nuestros servicios profesionales de gu\u00edas de buceo. Ofrecemos experiencias personalizadas y seguras en las aguas claras de Playa del Carmen y la Riviera Maya, adaptadas para buceadores de todos los niveles. Ya sea en cavernas, cuevas, buceo t\u00e9cnico (Tec), buceo [&hellip;]<\/p>\n","protected":false},"author":1,"featured_media":1854,"parent":0,"menu_order":0,"comment_status":"closed","ping_status":"closed","template":"","meta":{"site-sidebar-layout":"no-sidebar","site-content-layout":"page-builder","ast-site-content-layout":"full-width-container","site-content-style":"unboxed","site-sidebar-style":"unboxed","ast-global-header-display":"","ast-banner-title-visibility":"","ast-main-header-display":"","ast-hfb-above-header-display":"","ast-hfb-below-header-display":"","ast-hfb-mobile-header-display":"","site-post-title":"disabled","ast-breadcrumbs-content":"","ast-featured-img":"disabled","footer-sml-layout":"","ast-disable-related-posts":"","theme-transparent-header-meta":"disabled","adv-header-id-meta":"","stick-header-meta":"","header-above-stick-meta":"","header-main-stick-meta":"","header-below-stick-meta":"","astra-migrate-meta-layouts":"set","ast-page-background-enabled":"default","ast-page-background-meta":{"desktop":{"background-color":"var(--ast-global-color-4)","background-image":"","background-repeat":"repeat","background-position":"center center","background-size":"auto","background-attachment":"scroll","background-type":"","background-media":"","overlay-type":"","overlay-color":"","overlay-opacity":"","overlay-gradient":""},"tablet":{"background-color":"","background-image":"","background-repeat":"repeat","background-position":"center center","background-size":"auto","background-attachment":"scroll","background-type":"","background-media":"","overlay-type":"","overlay-color":"","overlay-opacity":"","overlay-gradient":""},"mobile":{"background-color":"","background-image":"","background-repeat":"repeat","background-position":"center center","background-size":"auto","background-attachment":"scroll","background-type":"","background-media":"","overlay-type":"","overlay-color":"","overlay-opacity":"","overlay-gradient":""}},"ast-content-background-meta":{"desktop":{"background-color":"var(--ast-global-color-5)","background-image":"","background-repeat":"repeat","background-position":"center center","background-size":"auto","background-attachment":"scroll","background-type":"","background-media":"","overlay-type":"","overlay-color":"","overlay-opacity":"","overlay-gradient":""},"tablet":{"background-color":"var(--ast-global-color-5)","background-image":"","background-repeat":"repeat","background-position":"center center","background-size":"auto","background-attachment":"scroll","background-type":"","background-media":"","overlay-type":"","overlay-color":"","overlay-opacity":"","overlay-gradient":""},"mobile":{"background-color":"var(--ast-global-color-5)","background-image":"","background-repeat":"repeat","background-position":"center center","background-size":"auto","background-attachment":"scroll","background-type":"","background-media":"","overlay-type":"","overlay-color":"","overlay-opacity":"","overlay-gradient":""}},"_joinchat":[],"footnotes":""},"class_list":["post-1448","page","type-page","status-publish","has-post-thumbnail","hentry"],"_links":{"self":[{"href":"https:\/\/www.xenotepro.com\/es_mx\/wp-json\/wp\/v2\/pages\/1448","targetHints":{"allow":["GET"]}}],"collection":[{"href":"https:\/\/www.xenotepro.com\/es_mx\/wp-json\/wp\/v2\/pages"}],"about":[{"href":"https:\/\/www.xenotepro.com\/es_mx\/wp-json\/wp\/v2\/types\/page"}],"author":[{"embeddable":true,"href":"https:\/\/www.xenotepro.com\/es_mx\/wp-json\/wp\/v2\/users\/1"}],"replies":[{"embeddable":true,"href":"https:\/\/www.xenotepro.com\/es_mx\/wp-json\/wp\/v2\/comments?post=1448"}],"version-history":[{"count":10,"href":"https:\/\/www.xenotepro.com\/es_mx\/wp-json\/wp\/v2\/pages\/1448\/revisions"}],"predecessor-version":[{"id":2671,"href":"https:\/\/www.xenotepro.com\/es_mx\/wp-json\/wp\/v2\/pages\/1448\/revisions\/2671"}],"wp:featuredmedia":[{"embeddable":true,"href":"https:\/\/www.xenotepro.com\/es_mx\/wp-json\/wp\/v2\/media\/1854"}],"wp:attachment":[{"href":"https:\/\/www.xenotepro.com\/es_mx\/wp-json\/wp\/v2\/media?parent=1448"}],"curies":[{"name":"wp","href":"https:\/\/api.w.org\/{rel}","templated":true}]}}